{"id":941,"date":"2023-10-06T13:54:42","date_gmt":"2023-10-06T13:54:42","guid":{"rendered":"https:\/\/preview.welter-luxembourg.lu\/unternehmen\/"},"modified":"2025-02-18T23:33:35","modified_gmt":"2025-02-18T23:33:35","slug":"unternehmen","status":"publish","type":"page","link":"https:\/\/www.welter-luxembourg.lu\/de\/unternehmen\/","title":{"rendered":"Unternehmen"},"content":{"rendered":"\n<div class=\"wp-block-stackable-columns alignfull stk-block-columns stk-block stk-9bd8e30 stk-block-background stk--has-background-overlay\" data-block-id=\"9bd8e30\"><style>.stk-9bd8e30 {background-color:#0a0806 !important;background-image:url(https:\/\/www.welter-luxembourg.lu\/wp-content\/uploads\/2023\/10\/nordwood-themes-q8U1YgBaRQk-unsplash-scaled.jpg) !important;padding-top:140px !important;padding-bottom:135px !important;margin-bottom:0px !important;}.stk-9bd8e30:before{background-color:#0a0806 !important;opacity:0.3 !important;}@media screen and (max-width:999px){.stk-9bd8e30 {padding-top:200px !important;padding-bottom:100px !important;}}<\/style><div class=\"stk-row stk-inner-blocks stk-block-content stk-content-align stk-9bd8e30-column\">\n<div class=\"wp-block-stackable-column stk-block-column stk-column stk-block stk-4856876\" data-v=\"4\" data-block-id=\"4856876\"><div class=\"stk-column-wrapper stk-block-column__content stk-container stk-4856876-container stk--no-background stk--no-padding\"><div class=\"stk-block-content stk-inner-blocks stk-4856876-inner-blocks\">\n<div class=\"wp-block-stackable-heading stk-block-heading stk-block-heading--v2 stk-block stk-7647687\" id=\"companies\" data-block-id=\"7647687\"><style>.stk-7647687 {margin-bottom:0px !important;}.stk-7647687 .stk-block-heading__text{font-size:50px !important;color:var(--theme-palette-color-8, #ffffff) !important;}@media screen and (max-width:999px){.stk-7647687 .stk-block-heading__text{font-size:35px !important;}}<\/style><h2 class=\"stk-block-heading__text has-text-color has-palette-color-8-color has-text-align-center stk-block-heading--use-theme-margins\">Unternehmen<\/h2><\/div>\n<\/div><\/div><\/div>\n<\/div><\/div>\n\n\n\n<div class=\"wp-block-stackable-spacer stk-block-spacer stk--no-padding stk-block stk-79968d0\" data-block-id=\"79968d0\"><style>.stk-79968d0 {height:130px !important;}@media screen and (max-width:999px){.stk-79968d0 {height:70px !important;}}<\/style><\/div>\n\n\n\n<p>Wir bieten kleinen und mittleren Unternehmen ein umfassendes Dienstleistungsangebot, das von der Unternehmensgr\u00fcndung \u00fcber die Buchhaltung und Steuerberatung bis hin zur Lohnbuchhaltung reicht, um Sie bei der erfolgreichen Durchf\u00fchrung Ihrer Projekte zu unterst\u00fctzen.<\/p>\n\n\n\n<h4 class=\"wp-block-heading\" id=\"company-incorporation\">Gr\u00fcndung der Gesellschaft:<\/h4>\n\n\n\n<ul class=\"wp-block-list\">\n<li>Beratung und Unterst\u00fctzung bei der Unternehmensgr\u00fcndung<\/li>\n\n\n\n<li>Suche nach der f\u00fcr Ihr Projekt am besten geeigneten Rechtsform des Unternehmens<\/li>\n\n\n\n<li>Ausarbeitung des Gesellschaftsvertrags und Abstimmung mit dem Notar<\/li>\n\n\n\n<li>Antrag auf Erteilung einer Gewerbeerlaubnis<\/li>\n\n\n\n<li>Mehrwertsteuerregistrierung<\/li>\n\n\n\n<li>Anmeldung bei den verschiedenen Beh\u00f6rden<\/li>\n<\/ul>\n\n\n\n<h4 class=\"wp-block-heading\" id=\"payroll-services\">Lohnbuchhaltung:<\/h4>\n\n\n\n<ul class=\"wp-block-list\">\n<li>Berechnung und Erstellung von Gehaltsabrechnungen<\/li>\n\n\n\n<li>Ausarbeitung von Arbeitsvertr\u00e4gen<\/li>\n\n\n\n<li>Gehaltssimulation<\/li>\n\n\n\n<li>Ausstellung von j\u00e4hrlichen Verg\u00fctungsbescheinigungen<\/li>\n\n\n\n<li>Meldung der Sozialversicherungsbeitr\u00e4ge an die Gemeinsame Stelle f\u00fcr soziale Sicherheit<\/li>\n\n\n\n<li>Anmeldung der Lohnsteuer bei den Steuerbeh\u00f6rden<\/li>\n\n\n\n<li>Formalit\u00e4ten im Falle des Ausscheidens eines Mitarbeiters<\/li>\n\n\n\n<li>Formalit\u00e4ten f\u00fcr den Beitritt des Unternehmens zu den Beh\u00f6rden<\/li>\n\n\n\n<li>Formalit\u00e4ten f\u00fcr die An- und Abmeldung von Bediensteten<\/li>\n\n\n\n<li>Urlaubsverwaltung<\/li>\n\n\n\n<li>Krankheitsmanagement und \u00dcberwachung<\/li>\n<\/ul>\n\n\n\n<h4 class=\"wp-block-heading\" id=\"tax-and-accounting\">Steuern und Buchhaltung.<\/h4>\n\n\n\n<ul class=\"wp-block-list\">\n<li>Organisation der Dokumente und Buchhaltung<\/li>\n\n\n\n<li>Erstellung der Jahresabschl\u00fcsse und Zwischenabschl\u00fcsse<\/li>\n\n\n\n<li>Hinterlegung und Ver\u00f6ffentlichung der Jahresabschl\u00fcsse beim Handelsregister<\/li>\n\n\n\n<li>Vorbereitung von ordentlichen und au\u00dferordentlichen Generalversammlungen<\/li>\n\n\n\n<li>Erstellung von Steuererkl\u00e4rungen<\/li>\n\n\n\n<li>Erstellung der periodischen und j\u00e4hrlichen MwSt.-Erkl\u00e4rungen, der innergemeinschaftlichen Erkl\u00e4rungen und der Intrastat-Erkl\u00e4rungen<\/li>\n\n\n\n<li>Ratschl\u00e4ge zur Steueroptimierung<\/li>\n\n\n\n<li>Verwaltung der Beziehungen zu den Steuerbeh\u00f6rden<\/li>\n\n\n\n<li>Unterst\u00fctzung bei Einspr\u00fcchen oder Steuerpr\u00fcfungen<\/li>\n\n\n\n<li>Verwaltung des Registers der wirtschaftlich Berechtigten<\/li>\n\n\n\n<li>Weiterverfolgung und Erinnerung an gesetzliche Fristen (Mehrwertsteuer, Steuern,&#8230;)<\/li>\n\n\n\n<li>Mandat des Abschlusspr\u00fcfers<\/li>\n<\/ul>\n\n\n\n<div class=\"wp-block-stackable-spacer stk-block-spacer stk--no-padding stk-block stk-ea9f503\" data-block-id=\"ea9f503\"><style>.stk-ea9f503 {height:20px !important;}@media screen and (max-width:999px){.stk-ea9f503 {height:70px !important;}}<\/style><\/div>\n\n\n\n<div class=\"wp-block-stackable-subtitle stk-block-subtitle stk-block stk-3eaf033\" data-block-id=\"3eaf033\"><style>.stk-3eaf033 {margin-bottom:0px !important;}.stk-3eaf033 .stk-block-subtitle__text{font-size:1.5rem !important;color:var(--theme-palette-color-3, #3A4F66) !important;}@media screen and (max-width:999px){.stk-3eaf033 .stk-block-subtitle__text{font-size:1.5rem !important;}}<\/style><p class=\"stk-block-subtitle__text stk-subtitle has-text-color has-text-align-center\">Ein Projekt? Ein Bedarf?<\/p><\/div>\n\n\n\n<div class=\"wp-block-stackable-heading stk-block-heading stk-block-heading--v2 stk-block stk-ade99de\" id=\"we-call-you-back\" data-block-id=\"ade99de\"><style>.stk-ade99de {margin-bottom:0px !important;}.stk-ade99de .stk-block-heading__text{color:var(--theme-palette-color-4, #192a3d) !important;}<\/style><h2 class=\"stk-block-heading__text has-text-color has-text-align-center\">Wir Melden Uns Bei Ihnen<\/h2><\/div>\n\n\n\n<div class=\"wp-block-stackable-button-group stk-block-button-group stk-block stk-d97e17e\" data-block-id=\"d97e17e\"><style>.stk-d97e17e {margin-bottom:26px !important;}<\/style><div class=\"stk-row stk-inner-blocks has-text-align-center stk-block-content stk-button-group\">\n<div class=\"wp-block-stackable-button stk-block-button has-text-align-center stk-block stk-614fc5b\" data-block-id=\"614fc5b\"><a class=\"stk-link stk-button stk--hover-effect-darken\" href=\"https:\/\/www.welter-luxembourg.lu\/de\/kontakt\/\"><span class=\"stk-button__inner-text\">Kontakt<\/span><\/a><\/div>\n<\/div><\/div>\n\n\n\n<p><\/p>\n","protected":false},"excerpt":{"rendered":"<p>Unternehmen Wir bieten kleinen und mittleren Unternehmen ein umfassendes Dienstleistungsangebot, das von der Unternehmensgr\u00fcndung \u00fcber die Buchhaltung und Steuerberatung bis hin zur Lohnbuchhaltung reicht, um Sie bei der erfolgreichen Durchf\u00fchrung Ihrer Projekte zu unterst\u00fctzen. Gr\u00fcndung der Gesellschaft: Lohnbuchhaltung: Steuern und Buchhaltung. Ein Projekt? Ein Bedarf? Wir Melden Uns Bei Ihnen Kontakt<\/p>\n","protected":false},"author":1,"featured_media":0,"parent":0,"menu_order":0,"comment_status":"closed","ping_status":"closed","template":"","meta":{"footnotes":""},"class_list":["post-941","page","type-page","status-publish","hentry"],"blocksy_meta":{"has_hero_section":"disabled","vertical_spacing_source":"custom","content_area_spacing":"none"},"_links":{"self":[{"href":"https:\/\/www.welter-luxembourg.lu\/de\/wp-json\/wp\/v2\/pages\/941","targetHints":{"allow":["GET"]}}],"collection":[{"href":"https:\/\/www.welter-luxembourg.lu\/de\/wp-json\/wp\/v2\/pages"}],"about":[{"href":"https:\/\/www.welter-luxembourg.lu\/de\/wp-json\/wp\/v2\/types\/page"}],"author":[{"embeddable":true,"href":"https:\/\/www.welter-luxembourg.lu\/de\/wp-json\/wp\/v2\/users\/1"}],"replies":[{"embeddable":true,"href":"https:\/\/www.welter-luxembourg.lu\/de\/wp-json\/wp\/v2\/comments?post=941"}],"version-history":[{"count":18,"href":"https:\/\/www.welter-luxembourg.lu\/de\/wp-json\/wp\/v2\/pages\/941\/revisions"}],"predecessor-version":[{"id":1251,"href":"https:\/\/www.welter-luxembourg.lu\/de\/wp-json\/wp\/v2\/pages\/941\/revisions\/1251"}],"wp:attachment":[{"href":"https:\/\/www.welter-luxembourg.lu\/de\/wp-json\/wp\/v2\/media?parent=941"}],"curies":[{"name":"wp","href":"https:\/\/api.w.org\/{rel}","templated":true}]}}