{"id":945,"date":"2023-10-06T13:47:31","date_gmt":"2023-10-06T13:47:31","guid":{"rendered":"https:\/\/preview.welter-luxembourg.lu\/privatpersonen\/"},"modified":"2025-02-18T23:33:32","modified_gmt":"2025-02-18T23:33:32","slug":"privatpersonen","status":"publish","type":"page","link":"https:\/\/www.welter-luxembourg.lu\/de\/privatpersonen\/","title":{"rendered":"Privatpersonen"},"content":{"rendered":"\n<div class=\"wp-block-stackable-columns alignfull stk-block-columns stk-block stk-9bd8e30 stk-block-background stk--has-background-overlay\" data-block-id=\"9bd8e30\"><style>.stk-9bd8e30 {background-color:#0a0806 !important;background-image:url(https:\/\/www.welter-luxembourg.lu\/wp-content\/uploads\/2023\/10\/tyler-franta-iusJ25iYu1c-unsplash-scaled.jpg) !important;padding-top:140px !important;padding-bottom:135px !important;margin-bottom:0px !important;}.stk-9bd8e30:before{background-color:#0a0806 !important;opacity:0.3 !important;}@media screen and (max-width:999px){.stk-9bd8e30 {padding-top:200px !important;padding-bottom:100px !important;}}<\/style><div class=\"stk-row stk-inner-blocks stk-block-content stk-content-align stk-9bd8e30-column\">\n<div class=\"wp-block-stackable-column stk-block-column stk-column stk-block stk-4856876\" data-v=\"4\" data-block-id=\"4856876\"><div class=\"stk-column-wrapper stk-block-column__content stk-container stk-4856876-container stk--no-background stk--no-padding\"><div class=\"stk-block-content stk-inner-blocks stk-4856876-inner-blocks\">\n<div class=\"wp-block-stackable-heading stk-block-heading stk-block-heading--v2 stk-block stk-7647687\" id=\"individuals\" data-block-id=\"7647687\"><style>.stk-7647687 {margin-bottom:0px !important;}.stk-7647687 .stk-block-heading__text{font-size:50px !important;color:var(--theme-palette-color-8, #ffffff) !important;}@media screen and (max-width:999px){.stk-7647687 .stk-block-heading__text{font-size:35px !important;}}<\/style><h2 class=\"stk-block-heading__text has-text-color has-palette-color-8-color has-text-align-center stk-block-heading--use-theme-margins\">Privatpersonen<\/h2><\/div>\n<\/div><\/div><\/div>\n<\/div><\/div>\n\n\n\n<div class=\"wp-block-stackable-spacer stk-block-spacer stk--no-padding stk-block stk-79968d0\" data-block-id=\"79968d0\"><style>.stk-79968d0 {height:130px !important;}@media screen and (max-width:999px){.stk-79968d0 {height:70px !important;}}<\/style><\/div>\n\n\n\n<div class=\"wp-block-stackable-columns stk-block-columns stk-block stk-d456be9\" data-block-id=\"d456be9\"><div class=\"stk-row stk-inner-blocks stk-block-content stk-content-align stk-d456be9-column\">\n<div class=\"wp-block-stackable-column stk-block-column stk-column stk-block stk-93db2fe\" data-v=\"4\" data-block-id=\"93db2fe\"><div class=\"stk-column-wrapper stk-block-column__content stk-container stk-93db2fe-container stk--no-background stk--no-padding\"><div class=\"stk-block-content stk-inner-blocks stk-93db2fe-inner-blocks\">\n<p>Wir bieten Privatpersonen, Miteigent\u00fcmern, Immobiliengesellschaften (SCI), Freiberuflichen, Gewerbetreibenden, Einzelpersonen die eine T\u00e4tigkeit im eigenen Namen aus\u00fcben, eine vollst\u00e4ndige Palette von Dienstleistungen in den Bereichen Buchhaltung und Steuern an:<\/p>\n\n\n\n<ul class=\"wp-block-list\">\n<li>Erstellung von Steuererkl\u00e4rungen und verschiedenen Anh\u00e4ngen<\/li>\n\n\n\n<li>Erstellung von Lohnsteuerjahresausgleichen<\/li>\n\n\n\n<li>Berechnung des Mehrwertes von Ver\u00e4usserungen von Grundst\u00fccken des Privatverm\u00f6gens<\/li>\n\n\n\n<li>Simulationen der zu zahlenden Steuern<\/li>\n\n\n\n<li>Ratschl\u00e4ge zur Steueroptimierung<\/li>\n\n\n\n<li>Pr\u00fcfung von Steuerbelegen<\/li>\n\n\n\n<li>R\u00fccksprache und Kontakte mit den verschiedenen Verwaltungen<\/li>\n\n\n\n<li>Unterst\u00fctzung bei Steuerpr\u00fcfungen<\/li>\n\n\n\n<li>Buchhaltung<\/li>\n\n\n\n<li>Bestimmung des Ergebnisses durch Vergleich von Einnahmen\/Ausgaben<\/li>\n\n\n\n<li>Erstellung von Mehrwertsteuererkl\u00e4rungen<\/li>\n\n\n\n<li>Registrierung bei den verschiedenen Verwaltungen (Niederlassungsgenehmigung, Mehrwertsteuer, Handelsregister)<\/li>\n<\/ul>\n<\/div><\/div><\/div>\n<\/div><\/div>\n\n\n\n<div class=\"wp-block-stackable-spacer stk-block-spacer stk--no-padding stk-block stk-745fcea\" data-block-id=\"745fcea\"><style>.stk-745fcea {height:20px !important;}@media screen and (max-width:999px){.stk-745fcea {height:70px !important;}}<\/style><\/div>\n\n\n\n<div class=\"wp-block-stackable-subtitle stk-block-subtitle stk-block stk-3eaf033\" data-block-id=\"3eaf033\"><style>.stk-3eaf033 {margin-bottom:0px !important;}.stk-3eaf033 .stk-block-subtitle__text{font-size:1.5rem !important;color:var(--theme-palette-color-3, #3A4F66) !important;}@media screen and (max-width:999px){.stk-3eaf033 .stk-block-subtitle__text{font-size:1.5rem !important;}}<\/style><p class=\"stk-block-subtitle__text stk-subtitle has-text-color has-text-align-center\">Ein Projekt? Ein Bedarf?<\/p><\/div>\n\n\n\n<div class=\"wp-block-stackable-heading stk-block-heading stk-block-heading--v2 stk-block stk-ade99de\" id=\"we-call-you-back\" data-block-id=\"ade99de\"><style>.stk-ade99de {margin-bottom:0px !important;}.stk-ade99de .stk-block-heading__text{color:var(--theme-palette-color-4, #192a3d) !important;}<\/style><h2 class=\"stk-block-heading__text has-text-color has-text-align-center\">Wir Melden Uns Bei Ihnen<\/h2><\/div>\n\n\n\n<div class=\"wp-block-stackable-button-group stk-block-button-group stk-block stk-3dd70b5\" data-block-id=\"3dd70b5\"><style>.stk-3dd70b5 {margin-bottom:26px !important;}<\/style><div class=\"stk-row stk-inner-blocks has-text-align-center stk-block-content stk-button-group\">\n<div class=\"wp-block-stackable-button stk-block-button has-text-align-center stk-block stk-9e9a052\" data-block-id=\"9e9a052\"><a class=\"stk-link stk-button stk--hover-effect-darken\" href=\"https:\/\/www.welter-luxembourg.lu\/de\/kontakt\/\"><span class=\"stk-button__inner-text\">Kontakt<\/span><\/a><\/div>\n<\/div><\/div>\n\n\n\n<p><\/p>\n","protected":false},"excerpt":{"rendered":"<p>Privatpersonen Wir bieten Privatpersonen, Miteigent\u00fcmern, Immobiliengesellschaften (SCI), Freiberuflichen, Gewerbetreibenden, Einzelpersonen die eine T\u00e4tigkeit im eigenen Namen aus\u00fcben, eine vollst\u00e4ndige Palette von Dienstleistungen in den Bereichen Buchhaltung und Steuern an: Ein Projekt? Ein Bedarf? Wir Melden Uns Bei Ihnen Kontakt<\/p>\n","protected":false},"author":1,"featured_media":0,"parent":0,"menu_order":0,"comment_status":"closed","ping_status":"closed","template":"","meta":{"footnotes":""},"class_list":["post-945","page","type-page","status-publish","hentry"],"blocksy_meta":{"has_hero_section":"disabled","vertical_spacing_source":"custom","content_area_spacing":"none","disable_footer":"no","styles_descriptor":{"styles":{"desktop":"","tablet":"","mobile":""},"google_fonts":[],"version":6}},"_links":{"self":[{"href":"https:\/\/www.welter-luxembourg.lu\/de\/wp-json\/wp\/v2\/pages\/945","targetHints":{"allow":["GET"]}}],"collection":[{"href":"https:\/\/www.welter-luxembourg.lu\/de\/wp-json\/wp\/v2\/pages"}],"about":[{"href":"https:\/\/www.welter-luxembourg.lu\/de\/wp-json\/wp\/v2\/types\/page"}],"author":[{"embeddable":true,"href":"https:\/\/www.welter-luxembourg.lu\/de\/wp-json\/wp\/v2\/users\/1"}],"replies":[{"embeddable":true,"href":"https:\/\/www.welter-luxembourg.lu\/de\/wp-json\/wp\/v2\/comments?post=945"}],"version-history":[{"count":10,"href":"https:\/\/www.welter-luxembourg.lu\/de\/wp-json\/wp\/v2\/pages\/945\/revisions"}],"predecessor-version":[{"id":1250,"href":"https:\/\/www.welter-luxembourg.lu\/de\/wp-json\/wp\/v2\/pages\/945\/revisions\/1250"}],"wp:attachment":[{"href":"https:\/\/www.welter-luxembourg.lu\/de\/wp-json\/wp\/v2\/media?parent=945"}],"curies":[{"name":"wp","href":"https:\/\/api.w.org\/{rel}","templated":true}]}}